{"id":29,"date":"2025-09-19T13:22:33","date_gmt":"2025-09-19T13:22:33","guid":{"rendered":"https:\/\/bebillionairesports.com\/ar\/carrito\/"},"modified":"2025-09-23T10:14:55","modified_gmt":"2025-09-23T13:14:55","slug":"carrito","status":"publish","type":"page","link":"https:\/\/bebillionairesports.com\/ar\/carrito\/","title":{"rendered":"Carrito"},"content":{"rendered":"<p>[et_pb_section fb_built=\u00bb1&#8243; _builder_version=\u00bb4.16&#8243; global_colors_info=\u00bb{}\u00bb][et_pb_row _builder_version=\u00bb4.16&#8243; background_size=\u00bbinitial\u00bb background_position=\u00bbtop_left\u00bb background_repeat=\u00bbrepeat\u00bb global_colors_info=\u00bb{}\u00bb][et_pb_column type=\u00bb4_4&#8243; _builder_version=\u00bb4.16&#8243; custom_padding=\u00bb|||\u00bb global_colors_info=\u00bb{}\u00bb custom_padding__hover=\u00bb|||\u00bb][et_pb_post_title meta=\u00bboff\u00bb featured_image=\u00bboff\u00bb _builder_version=\u00bb4.16&#8243; global_colors_info=\u00bb{}\u00bb][\/et_pb_post_title][et_pb_wc_cart_notice _builder_version=\u00bb4.16&#8243; global_colors_info=\u00bb{}\u00bb][\/et_pb_wc_cart_notice][et_pb_wc_cart_products _builder_version=\u00bb4.16&#8243; global_colors_info=\u00bb{}\u00bb][\/et_pb_wc_cart_products][\/et_pb_column][\/et_pb_row][et_pb_row column_structure=\u00bb1_2,1_2&#8243; _builder_version=\u00bb4.16&#8243; background_size=\u00bbinitial\u00bb background_position=\u00bbtop_left\u00bb background_repeat=\u00bbrepeat\u00bb global_colors_info=\u00bb{}\u00bb][et_pb_column type=\u00bb1_2&#8243; _builder_version=\u00bb4.16&#8243; custom_padding=\u00bb|||\u00bb global_colors_info=\u00bb{}\u00bb custom_padding__hover=\u00bb|||\u00bb][et_pb_wc_related_products posts_number=\u00bb2&#8243; columns_number=\u00bb2&#8243; _builder_version=\u00bb4.27.4&#8243; _module_preset=\u00bbdefault\u00bb product_title_font_size=\u00bb14px\u00bb hover_enabled=\u00bb0&#8243; global_colors_info=\u00bb{}\u00bb sticky_enabled=\u00bb0&#8243;][\/et_pb_wc_related_products][\/et_pb_column][et_pb_column type=\u00bb1_2&#8243; _builder_version=\u00bb4.16&#8243; custom_padding=\u00bb|||\u00bb global_colors_info=\u00bb{}\u00bb custom_padding__hover=\u00bb|||\u00bb][et_pb_wc_cart_totals _builder_version=\u00bb4.16&#8243; global_colors_info=\u00bb{}\u00bb][\/et_pb_wc_cart_totals][\/et_pb_column][\/et_pb_row][et_pb_row column_structure=\u00bb1_3,1_3,1_3&#8243; _builder_version=\u00bb4.27.4&#8243; _module_preset=\u00bbdefault\u00bb global_module=\u00bb136&#8243; saved_tabs=\u00bball\u00bb global_colors_info=\u00bb{}\u00bb][et_pb_column type=\u00bb1_3&#8243; _builder_version=\u00bb4.16&#8243; _module_preset=\u00bbdefault\u00bb global_colors_info=\u00bb{}\u00bb][et_pb_blurb title=\u00bbENVIO GRAT\u00cdS\u00bb use_icon=\u00bbon\u00bb font_icon=\u00bb&#xf48b;||fa||900&#8243; icon_placement=\u00bbleft\u00bb image_icon_width=\u00bb50px\u00bb _builder_version=\u00bb4.27.4&#8243; _module_preset=\u00bbdefault\u00bb icon_font_size=\u00bb56px\u00bb global_colors_info=\u00bb{}\u00bb]<\/p>\n<p>Env\u00edo grat\u00eds a todo el pa\u00eds<\/p>\n<p>[\/et_pb_blurb][\/et_pb_column][et_pb_column type=\u00bb1_3&#8243; _builder_version=\u00bb4.16&#8243; _module_preset=\u00bbdefault\u00bb global_colors_info=\u00bb{}\u00bb][et_pb_blurb title=\u00bbMERCADO PAGO\u00bb use_icon=\u00bbon\u00bb font_icon=\u00bb&#xf53d;||fa||900&#8243; icon_placement=\u00bbleft\u00bb image_icon_width=\u00bb50px\u00bb _builder_version=\u00bb4.27.4&#8243; _module_preset=\u00bbdefault\u00bb icon_font_size=\u00bb56px\u00bb global_colors_info=\u00bb{}\u00bb]<\/p>\n<p>Con todos los medios de pagos.<\/p>\n<p>[\/et_pb_blurb][\/et_pb_column][et_pb_column type=\u00bb1_3&#8243; _builder_version=\u00bb4.16&#8243; _module_preset=\u00bbdefault\u00bb global_colors_info=\u00bb{}\u00bb][et_pb_blurb title=\u00bbCONSULTAS\u00bb use_icon=\u00bbon\u00bb font_icon=\u00bb&#xf40c;||fa||400&#8243; icon_placement=\u00bbleft\u00bb image_icon_width=\u00bb50px\u00bb _builder_version=\u00bb4.27.4&#8243; _module_preset=\u00bbdefault\u00bb icon_font_size=\u00bb56px\u00bb global_colors_info=\u00bb{}\u00bb]<\/p>\n<p>V\u00eda Whatsapp<\/p>\n<p>[\/et_pb_blurb][\/et_pb_column][\/et_pb_row][\/et_pb_section][et_pb_section fb_built=\u00bb1&#8243; _builder_version=\u00bb4.27.4&#8243; _module_preset=\u00bbdefault\u00bb background_color=\u00bb#000000&#8243; background_image=\u00bbhttps:\/\/bebillionairesports.com\/ar\/wp-content\/uploads\/2025\/09\/fondos_negro.png\u00bb parallax=\u00bbon\u00bb vertical_offset_tablet=\u00bb0&#8243; horizontal_offset_tablet=\u00bb0&#8243; box_shadow_horizontal_tablet=\u00bb0px\u00bb box_shadow_vertical_tablet=\u00bb0px\u00bb box_shadow_blur_tablet=\u00bb40px\u00bb box_shadow_spread_tablet=\u00bb0px\u00bb global_module=\u00bb145&#8243; global_colors_info=\u00bb{}\u00bb][et_pb_row column_structure=\u00bb1_3,1_3,1_3&#8243; _builder_version=\u00bb4.16&#8243; _module_preset=\u00bbdefault\u00bb global_colors_info=\u00bb{}\u00bb][et_pb_column type=\u00bb1_3&#8243; _builder_version=\u00bb4.16&#8243; _module_preset=\u00bbdefault\u00bb global_colors_info=\u00bb{}\u00bb][et_pb_image src=\u00bbhttps:\/\/bebillionairesports.com\/ar\/wp-content\/uploads\/2025\/09\/Be-billionaire-txt-blanco-1.png\u00bb title_text=\u00bbBe billionaire txt blanco\u00bb _builder_version=\u00bb4.27.4&#8243; _module_preset=\u00bbdefault\u00bb global_colors_info=\u00bb{}\u00bb][\/et_pb_image][\/et_pb_column][et_pb_column type=\u00bb1_3&#8243; _builder_version=\u00bb4.16&#8243; _module_preset=\u00bbdefault\u00bb global_colors_info=\u00bb{}\u00bb][et_pb_text _builder_version=\u00bb4.27.4&#8243; _module_preset=\u00bbdefault\u00bb text_text_color=\u00bb#FFFFFF\u00bb header_5_text_color=\u00bb#01e601&#8243; header_5_font_size=\u00bb14px\u00bb global_colors_info=\u00bb{}\u00bb]<\/p>\n<h5><i>CONTACTO<\/i><\/h5>\n<p><em>info@bebillionairesports.com<\/em><\/p>\n<p>[\/et_pb_text][\/et_pb_column][et_pb_column type=\u00bb1_3&#8243; _builder_version=\u00bb4.16&#8243; _module_preset=\u00bbdefault\u00bb global_colors_info=\u00bb{}\u00bb][\/et_pb_column][\/et_pb_row][\/et_pb_section]<\/p>\n","protected":false},"excerpt":{"rendered":"<p>Env\u00edo grat\u00eds a todo el pa\u00edsCon todos los medios de pagos.V\u00eda WhatsappCONTACTO info@bebillionairesports.com<\/p>\n","protected":false},"author":2,"featured_media":0,"parent":0,"menu_order":0,"comment_status":"closed","ping_status":"closed","template":"","meta":{"_et_pb_use_builder":"on","_et_pb_old_content":"<!-- wp:woocommerce\/cart -->\r\n<div class=\"wp-block-woocommerce-cart alignwide is-loading\"><!-- wp:woocommerce\/filled-cart-block -->\r\n<div class=\"wp-block-woocommerce-filled-cart-block\"><!-- wp:woocommerce\/cart-items-block -->\r\n<div class=\"wp-block-woocommerce-cart-items-block\"><!-- wp:woocommerce\/cart-line-items-block -->\r\n<div class=\"wp-block-woocommerce-cart-line-items-block\"><\/div>\r\n<!-- \/wp:woocommerce\/cart-line-items-block -->\r\n\r\n<!-- wp:woocommerce\/cart-cross-sells-block -->\r\n<div class=\"wp-block-woocommerce-cart-cross-sells-block\"><!-- wp:heading {\"fontSize\":\"large\"} -->\r\n<h2 class=\"wp-block-heading has-large-font-size\">Puede que te interese\u2026<\/h2>\r\n<!-- \/wp:heading -->\r\n\r\n<!-- wp:woocommerce\/cart-cross-sells-products-block -->\r\n<div class=\"wp-block-woocommerce-cart-cross-sells-products-block\"><\/div>\r\n<!-- \/wp:woocommerce\/cart-cross-sells-products-block --><\/div>\r\n<!-- \/wp:woocommerce\/cart-cross-sells-block --><\/div>\r\n<!-- \/wp:woocommerce\/cart-items-block -->\r\n\r\n<!-- wp:woocommerce\/cart-totals-block -->\r\n<div class=\"wp-block-woocommerce-cart-totals-block\"><!-- wp:woocommerce\/cart-order-summary-block -->\r\n<div class=\"wp-block-woocommerce-cart-order-summary-block\"><!-- wp:woocommerce\/cart-order-summary-heading-block -->\r\n<div class=\"wp-block-woocommerce-cart-order-summary-heading-block\"><\/div>\r\n<!-- \/wp:woocommerce\/cart-order-summary-heading-block -->\r\n\r\n<!-- wp:woocommerce\/cart-order-summary-coupon-form-block -->\r\n<div class=\"wp-block-woocommerce-cart-order-summary-coupon-form-block\"><\/div>\r\n<!-- \/wp:woocommerce\/cart-order-summary-coupon-form-block -->\r\n\r\n<!-- wp:woocommerce\/cart-order-summary-subtotal-block -->\r\n<div class=\"wp-block-woocommerce-cart-order-summary-subtotal-block\"><\/div>\r\n<!-- \/wp:woocommerce\/cart-order-summary-subtotal-block -->\r\n\r\n<!-- wp:woocommerce\/cart-order-summary-fee-block -->\r\n<div class=\"wp-block-woocommerce-cart-order-summary-fee-block\"><\/div>\r\n<!-- \/wp:woocommerce\/cart-order-summary-fee-block -->\r\n\r\n<!-- wp:woocommerce\/cart-order-summary-discount-block -->\r\n<div class=\"wp-block-woocommerce-cart-order-summary-discount-block\"><\/div>\r\n<!-- \/wp:woocommerce\/cart-order-summary-discount-block -->\r\n\r\n<!-- wp:woocommerce\/cart-order-summary-shipping-block -->\r\n<div class=\"wp-block-woocommerce-cart-order-summary-shipping-block\"><\/div>\r\n<!-- \/wp:woocommerce\/cart-order-summary-shipping-block -->\r\n\r\n<!-- wp:woocommerce\/cart-order-summary-taxes-block -->\r\n<div class=\"wp-block-woocommerce-cart-order-summary-taxes-block\"><\/div>\r\n<!-- \/wp:woocommerce\/cart-order-summary-taxes-block --><\/div>\r\n<!-- \/wp:woocommerce\/cart-order-summary-block -->\r\n\r\n<!-- wp:woocommerce\/cart-express-payment-block -->\r\n<div class=\"wp-block-woocommerce-cart-express-payment-block\"><\/div>\r\n<!-- \/wp:woocommerce\/cart-express-payment-block -->\r\n\r\n<!-- wp:woocommerce\/proceed-to-checkout-block -->\r\n<div class=\"wp-block-woocommerce-proceed-to-checkout-block\"><\/div>\r\n<!-- \/wp:woocommerce\/proceed-to-checkout-block -->\r\n\r\n<!-- wp:woocommerce\/cart-accepted-payment-methods-block -->\r\n<div class=\"wp-block-woocommerce-cart-accepted-payment-methods-block\"><\/div>\r\n<!-- \/wp:woocommerce\/cart-accepted-payment-methods-block --><\/div>\r\n<!-- \/wp:woocommerce\/cart-totals-block --><\/div>\r\n<!-- \/wp:woocommerce\/filled-cart-block -->\r\n\r\n<!-- wp:woocommerce\/empty-cart-block -->\r\n<div class=\"wp-block-woocommerce-empty-cart-block\"><!-- wp:heading {\"textAlign\":\"center\",\"className\":\"with-empty-cart-icon wc-block-cart__empty-cart__title\"} -->\r\n<h2 class=\"wp-block-heading has-text-align-center with-empty-cart-icon wc-block-cart__empty-cart__title\">\u00a1Tu carrito est\u00e1 actualmente vac\u00edo!<\/h2>\r\n<!-- \/wp:heading -->\r\n\r\n<!-- wp:separator {\"className\":\"is-style-dots\"} -->\r\n<hr class=\"wp-block-separator has-alpha-channel-opacity is-style-dots\"\/>\r\n<!-- \/wp:separator -->\r\n\r\n<!-- wp:heading {\"textAlign\":\"center\"} -->\r\n<h2 class=\"wp-block-heading has-text-align-center\">Nuevo en la tienda<\/h2>\r\n<!-- \/wp:heading -->\r\n\r\n<!-- wp:woocommerce\/product-new {\"columns\":4,\"rows\":1} \/--><\/div>\r\n<!-- \/wp:woocommerce\/empty-cart-block --><\/div>\r\n<!-- \/wp:woocommerce\/cart -->","_et_gb_content_width":"","footnotes":""},"class_list":["post-29","page","type-page","status-publish","hentry"],"_links":{"self":[{"href":"https:\/\/bebillionairesports.com\/ar\/wp-json\/wp\/v2\/pages\/29","targetHints":{"allow":["GET"]}}],"collection":[{"href":"https:\/\/bebillionairesports.com\/ar\/wp-json\/wp\/v2\/pages"}],"about":[{"href":"https:\/\/bebillionairesports.com\/ar\/wp-json\/wp\/v2\/types\/page"}],"author":[{"embeddable":true,"href":"https:\/\/bebillionairesports.com\/ar\/wp-json\/wp\/v2\/users\/2"}],"replies":[{"embeddable":true,"href":"https:\/\/bebillionairesports.com\/ar\/wp-json\/wp\/v2\/comments?post=29"}],"version-history":[{"count":6,"href":"https:\/\/bebillionairesports.com\/ar\/wp-json\/wp\/v2\/pages\/29\/revisions"}],"predecessor-version":[{"id":156,"href":"https:\/\/bebillionairesports.com\/ar\/wp-json\/wp\/v2\/pages\/29\/revisions\/156"}],"wp:attachment":[{"href":"https:\/\/bebillionairesports.com\/ar\/wp-json\/wp\/v2\/media?parent=29"}],"curies":[{"name":"wp","href":"https:\/\/api.w.org\/{rel}","templated":true}]}}